{"id":10,"date":"2021-06-06T15:36:01","date_gmt":"2021-06-06T15:36:01","guid":{"rendered":"https:\/\/hausarztpraxis-wagner.de\/?page_id=10"},"modified":"2026-02-01T19:46:30","modified_gmt":"2026-02-01T18:46:30","slug":"impressum","status":"publish","type":"page","link":"https:\/\/hausarztpraxis-wagner.de\/index.php\/impressum\/","title":{"rendered":"Impressum"},"content":{"rendered":"<h2>Impressum<\/h2>\n<p><strong>Anbieterkennzeichnung gem\u00e4\u00df \u00a7 5 Digitale-Dienste-Gesetz (DDG)<\/strong><\/p>\n<p>Hausarztpraxis Wagner<br \/>\nInhaber: Karl-Heinz Wagner<br \/>\nFrintroper Str. 413<br \/>\n45359 Essen<br \/>\nDeutschland<\/p>\n<p><strong>Kontakt<\/strong><br \/>\nTelefon: +49 (0)201 52090949<br \/>\nTelefax: +49 (0)201 17180919<br \/>\nE-Mail: <a href=\"mailto:hausarzt11@hotmail.com\">hausarzt11@hotmail.com<\/a><br \/>\nInternet: https:\/\/www.hausarztpraxis-wagner.de<\/p>\n<p><strong>Rechtsform<\/strong><br \/>\nEinzelpraxis<\/p>\n<p><strong>Vertretungsberechtigt<\/strong><br \/>\nKarl-Heinz Wagner<\/p>\n<p>Berufsbezeichnung<br \/>\nFacharzt f\u00fcr Allgemeinmedizin<br \/>\n(verliehen in der Bundesrepublik Deutschland)<\/p>\n<p><strong>Zust\u00e4ndige \u00c4rztekammer<\/strong><br \/>\n\u00c4rztekammer Nordrhein<br \/>\nTersteegenstra\u00dfe 9<br \/>\n40474 D\u00fcsseldorf<\/p>\n<p><strong>Zust\u00e4ndige Kassen\u00e4rztliche Vereinigung<\/strong><br \/>\nKassen\u00e4rztliche Vereinigung Nordrhein<br \/>\nTersteegenstra\u00dfe 9<br \/>\n40474 D\u00fcsseldorf<\/p>\n<p><strong>Berufsrechtliche Regelungen<\/strong><br \/>\n\u2013 Berufsordnung f\u00fcr die nordrheinischen \u00c4rztinnen und \u00c4rzte<br \/>\n\u2013 Heilberufegesetz des Landes Nordrhein-Westfalen<br \/>\nDie berufsrechtlichen Regelungen sind \u00fcber die Internetseiten der \u00c4rztekammer Nordrhein zug\u00e4nglich.<\/p>\n<p><strong>Verantwortlich f\u00fcr den Inhalt nach \u00a7 18 Abs. 2 Medienstaatsvertrag (MStV)<\/strong><br \/>\nKarl-Heinz Wagner<br \/>\nFrintroper Str. 413<br \/>\n45359 Essen0<\/p>\n<p><strong>Haftungshinweise<\/strong><\/p>\n<p>Die Inhalte dieser Website wurden mit gr\u00f6\u00dftm\u00f6glicher Sorgfalt erstellt. F\u00fcr die Richtigkeit, Vollst\u00e4ndigkeit und Aktualit\u00e4t der Inhalte \u00fcbernehmen wir jedoch keine Gew\u00e4hr.<\/p>\n<p>Diese Website enth\u00e4lt Links zu externen Webseiten Dritter, auf deren Inhalte wir keinen Einfluss haben. F\u00fcr die Inhalte der verlinkten Seiten ist stets der jeweilige Anbieter oder Betreiber verantwortlich. Bei Bekanntwerden von Rechtsverletzungen werden entsprechende Links umgehend entfernt.<\/p>\n<p>Die auf dieser Website ver\u00f6ffentlichten Inhalte unterliegen dem deutschen Urheberrecht. Eine Verwendung au\u00dferhalb der Grenzen des Urheberrechts bedarf der vorherigen schriftlichen Zustimmung.<\/p>\n","protected":false},"excerpt":{"rendered":"<p>Impressum Anbieterkennzeichnung gem\u00e4\u00df \u00a7 5 Digitale-Dienste-Gesetz (DDG) Hausarztpraxis Wagner Inhaber: Karl-Heinz Wagner Frintroper Str. 413 45359 Essen Deutschland Kontakt Telefon: +49 (0)201 52090949 Telefax: +49 (0)201 17180919 E-Mail: hausarzt11@hotmail.com Internet: https:\/\/www.hausarztpraxis-wagner.de Rechtsform Einzelpraxis Vertretungsberechtigt Karl-Heinz Wagner Berufsbezeichnung Facharzt f\u00fcr Allgemeinmedizin (verliehen in der Bundesrepublik Deutschland) Zust\u00e4ndige \u00c4rztekammer \u00c4rztekammer Nordrhein Tersteegenstra\u00dfe 9 40474 D\u00fcsseldorf Zust\u00e4ndige Kassen\u00e4rztliche &hellip; <\/p>\n<p class=\"link-more\"><a href=\"https:\/\/hausarztpraxis-wagner.de\/index.php\/impressum\/\" class=\"more-link\"><span class=\"screen-reader-text\">\u201eImpressum\u201c<\/span> weiterlesen<\/a><\/p>\n","protected":false},"author":4,"featured_media":0,"parent":0,"menu_order":0,"comment_status":"closed","ping_status":"closed","template":"","meta":{"footnotes":""},"_links":{"self":[{"href":"https:\/\/hausarztpraxis-wagner.de\/index.php\/wp-json\/wp\/v2\/pages\/10"}],"collection":[{"href":"https:\/\/hausarztpraxis-wagner.de\/index.php\/wp-json\/wp\/v2\/pages"}],"about":[{"href":"https:\/\/hausarztpraxis-wagner.de\/index.php\/wp-json\/wp\/v2\/types\/page"}],"author":[{"embeddable":true,"href":"https:\/\/hausarztpraxis-wagner.de\/index.php\/wp-json\/wp\/v2\/users\/4"}],"replies":[{"embeddable":true,"href":"https:\/\/hausarztpraxis-wagner.de\/index.php\/wp-json\/wp\/v2\/comments?post=10"}],"version-history":[{"count":11,"href":"https:\/\/hausarztpraxis-wagner.de\/index.php\/wp-json\/wp\/v2\/pages\/10\/revisions"}],"predecessor-version":[{"id":91,"href":"https:\/\/hausarztpraxis-wagner.de\/index.php\/wp-json\/wp\/v2\/pages\/10\/revisions\/91"}],"wp:attachment":[{"href":"https:\/\/hausarztpraxis-wagner.de\/index.php\/wp-json\/wp\/v2\/media?parent=10"}],"curies":[{"name":"wp","href":"https:\/\/api.w.org\/{rel}","templated":true}]}}