{"id":9,"date":"2021-06-06T15:36:01","date_gmt":"2021-06-06T15:36:01","guid":{"rendered":"https:\/\/hausarztpraxis-wagner.de\/?page_id=9"},"modified":"2023-12-11T16:37:11","modified_gmt":"2023-12-11T15:37:11","slug":"hausarztpraxis-2","status":"publish","type":"page","link":"https:\/\/hausarztpraxis-wagner.de\/","title":{"rendered":"Startseite"},"content":{"rendered":"<p>Liebe Patientinnen und Patienten,<\/p>\n<p>ich freue mich, Sie in meiner kleinen Hausarztpraxis in Essen Frintrop<br \/>\nbegr\u00fc\u00dfen zu d\u00fcrfen!<\/p>\n<p>Jede Stunde, in der ich als Arzt arbeite, ist auch eine Stunde meines Lebens.<br \/>\nIch habe intensiv gelernt wie kostbar unsere begrenzte Lebenszeit ist.<br \/>\nDeshalb arbeite ich mit Patienten, die mir das Gef\u00fchl geben, dass ich meine\u00a0Zeit\u00a0sinnvoll verbringe.<\/p>\n<p>Ich versp\u00fcre eine intensive N\u00e4he zu den einzigartigen Menschen, die sich mir anvertrauen.<\/p>\n<p>Sie haben Spuren in mir hinterlassen, mich seelisch anger\u00fchrt, beschenkt und ver\u00e4ndert.<\/p>\n<p>Ihre Lebensqualit\u00e4t ist mein zentrales Behandlungsziel.<\/p>\n<p>Cicely Saunders, die Begr\u00fcnderin der modernen Hospizbewegung, w\u00e4hlte daf\u00fcr die passenden Worte:<\/p>\n<p>\u201eEs geht nicht darum, dem Leben mehr Tage zu geben, sondern den Tagen mehr Leben.\u201c<\/p>\n<p>Ihr Karl-Heinz Wagner<\/p>\n","protected":false},"excerpt":{"rendered":"<p>Liebe Patientinnen und Patienten, ich freue mich, Sie in meiner kleinen Hausarztpraxis in Essen Frintrop begr\u00fc\u00dfen zu d\u00fcrfen! Jede Stunde, in der ich als Arzt arbeite, ist auch eine Stunde meines Lebens. Ich habe intensiv gelernt wie kostbar unsere begrenzte Lebenszeit ist. Deshalb arbeite ich mit Patienten, die mir das Gef\u00fchl geben, dass ich meine\u00a0Zeit\u00a0sinnvoll &hellip; <\/p>\n<p class=\"link-more\"><a href=\"https:\/\/hausarztpraxis-wagner.de\/\" class=\"more-link\"><span class=\"screen-reader-text\">\u201eStartseite\u201c<\/span> weiterlesen<\/a><\/p>\n","protected":false},"author":4,"featured_media":0,"parent":0,"menu_order":0,"comment_status":"closed","ping_status":"closed","template":"","meta":{"footnotes":""},"_links":{"self":[{"href":"https:\/\/hausarztpraxis-wagner.de\/index.php\/wp-json\/wp\/v2\/pages\/9"}],"collection":[{"href":"https:\/\/hausarztpraxis-wagner.de\/index.php\/wp-json\/wp\/v2\/pages"}],"about":[{"href":"https:\/\/hausarztpraxis-wagner.de\/index.php\/wp-json\/wp\/v2\/types\/page"}],"author":[{"embeddable":true,"href":"https:\/\/hausarztpraxis-wagner.de\/index.php\/wp-json\/wp\/v2\/users\/4"}],"replies":[{"embeddable":true,"href":"https:\/\/hausarztpraxis-wagner.de\/index.php\/wp-json\/wp\/v2\/comments?post=9"}],"version-history":[{"count":13,"href":"https:\/\/hausarztpraxis-wagner.de\/index.php\/wp-json\/wp\/v2\/pages\/9\/revisions"}],"predecessor-version":[{"id":83,"href":"https:\/\/hausarztpraxis-wagner.de\/index.php\/wp-json\/wp\/v2\/pages\/9\/revisions\/83"}],"wp:attachment":[{"href":"https:\/\/hausarztpraxis-wagner.de\/index.php\/wp-json\/wp\/v2\/media?parent=9"}],"curies":[{"name":"wp","href":"https:\/\/api.w.org\/{rel}","templated":true}]}}